{"id":937,"date":"2024-06-28T19:11:02","date_gmt":"2024-06-28T22:11:02","guid":{"rendered":"https:\/\/intexco.com.br\/?page_id=937"},"modified":"2024-09-09T11:46:56","modified_gmt":"2024-09-09T14:46:56","slug":"produtos","status":"publish","type":"page","link":"https:\/\/intexco.com.br\/es\/produtos\/","title":{"rendered":"Productos"},"content":{"rendered":"<div data-elementor-type=\"wp-page\" data-elementor-id=\"937\" class=\"elementor elementor-937\" data-elementor-post-type=\"page\">\n\t\t\t\t<div class=\"elementor-element elementor-element-a2ab47a e-flex e-con-boxed e-con e-parent\" data-id=\"a2ab47a\" data-element_type=\"container\">\n\t\t\t\t\t<div class=\"e-con-inner\">\n\t\t\t\t<div class=\"elementor-element elementor-element-492b324 elementor-widget__width-initial elementor-widget-mobile__width-inherit elementor-widget elementor-widget-heading\" data-id=\"492b324\" data-element_type=\"widget\" data-widget_type=\"heading.default\">\n\t\t\t\t<div class=\"elementor-widget-container\">\n\t\t\t\t\t<h2 class=\"elementor-heading-title elementor-size-default\">Descubra nuestros <span>productos<\/span><\/h2>\t\t\t\t<\/div>\n\t\t\t\t<\/div>\n\t\t\t\t\t<\/div>\n\t\t\t\t<\/div>\n\t\t<div class=\"elementor-element elementor-element-d867d5a e-con-full e-flex e-con e-parent\" data-id=\"d867d5a\" data-element_type=\"container\" data-settings=\"{&quot;background_background&quot;:&quot;classic&quot;}\">\n\t\t<div class=\"elementor-element elementor-element-faa14db e-con-full e-flex e-con e-child\" data-id=\"faa14db\" data-element_type=\"container\">\n\t\t\t\t<div class=\"elementor-element elementor-element-a511e90 elementor-widget elementor-widget-image\" data-id=\"a511e90\" data-element_type=\"widget\" data-widget_type=\"image.default\">\n\t\t\t\t<div class=\"elementor-widget-container\">\n\t\t\t\t\t\t\t\t\t\t\t\t\t\t\t<img fetchpriority=\"high\" decoding=\"async\" width=\"1576\" height=\"1118\" src=\"https:\/\/intexco.com.br\/wp-content\/uploads\/2024\/07\/sapato.png\" class=\"attachment-full size-full wp-image-1493\" alt=\"\" srcset=\"https:\/\/intexco.com.br\/wp-content\/uploads\/2024\/07\/sapato.png 1576w, https:\/\/intexco.com.br\/wp-content\/uploads\/2024\/07\/sapato-300x213.png 300w, https:\/\/intexco.com.br\/wp-content\/uploads\/2024\/07\/sapato-1024x726.png 1024w, https:\/\/intexco.com.br\/wp-content\/uploads\/2024\/07\/sapato-768x545.png 768w, https:\/\/intexco.com.br\/wp-content\/uploads\/2024\/07\/sapato-1536x1090.png 1536w, https:\/\/intexco.com.br\/wp-content\/uploads\/2024\/07\/sapato-18x12.png 18w\" sizes=\"(max-width: 1576px) 100vw, 1576px\" \/>\t\t\t\t\t\t\t\t\t\t\t\t\t\t\t<\/div>\n\t\t\t\t<\/div>\n\t\t\t\t<\/div>\n\t\t<div class=\"elementor-element elementor-element-1667a09 e-con-full e-flex e-con e-child\" data-id=\"1667a09\" data-element_type=\"container\">\n\t\t\t\t<div class=\"elementor-element elementor-element-7179446 elementor-widget elementor-widget-heading\" data-id=\"7179446\" data-element_type=\"widget\" data-widget_type=\"heading.default\">\n\t\t\t\t<div class=\"elementor-widget-container\">\n\t\t\t\t\t<h2 class=\"elementor-heading-title elementor-size-default\">Laminados sint\u00e9ticos y componentes para <span>industrias diversificadas<\/span><\/h2>\t\t\t\t<\/div>\n\t\t\t\t<\/div>\n\t\t\t\t<div class=\"elementor-element elementor-element-3398704 elementor-widget elementor-widget-text-editor\" data-id=\"3398704\" data-element_type=\"widget\" data-widget_type=\"text-editor.default\">\n\t\t\t\t<div class=\"elementor-widget-container\">\n\t\t\t\t\t\t\t\t\t<p><span style=\"font-weight: 400;\">Descubra la diversidad de productos Intexco: sin\u00f3nimo de calidad e innovaci\u00f3n. Nuestro portafolio ofrece soluciones vers\u00e1tiles para cada proyecto, cumpliendo con est\u00e1ndares de calidad, dise\u00f1o y durabilidad. Sea nuestro socio, p\u00f3ngase en contacto.<\/span><\/p>\t\t\t\t\t\t\t\t<\/div>\n\t\t\t\t<\/div>\n\t\t\t\t<div class=\"elementor-element elementor-element-fb78a97 elementor-widget elementor-widget-button\" data-id=\"fb78a97\" data-element_type=\"widget\" data-widget_type=\"button.default\">\n\t\t\t\t<div class=\"elementor-widget-container\">\n\t\t\t\t\t\t\t\t\t<div class=\"elementor-button-wrapper\">\n\t\t\t\t\t<a class=\"elementor-button elementor-button-link elementor-size-sm\" href=\"https:\/\/api.whatsapp.com\/send?phone=555181919189\" target=\"_blank\">\n\t\t\t\t\t\t<span class=\"elementor-button-content-wrapper\">\n\t\t\t\t\t\t<span class=\"elementor-button-icon\">\n\t\t\t\t<svg xmlns=\"http:\/\/www.w3.org\/2000\/svg\" width=\"21\" height=\"21\" viewbox=\"0 0 21 21\" fill=\"none\"><g id=\"ic:baseline-whatsapp\"><path id=\"Vector\" d=\"M16.6689 4.2963C15.8667 3.48599 14.9112 2.84351 13.8581 2.40635C12.805 1.96918 11.6754 1.74608 10.5352 1.75005C5.75769 1.75005 1.86395 5.6438 1.86395 10.4213C1.86395 11.9526 2.26645 13.4401 3.01895 14.7526L1.79395 19.2501L6.38769 18.0426C7.65645 18.7338 9.08269 19.1013 10.5352 19.1013C15.3127 19.1013 19.2064 15.2076 19.2064 10.4301C19.2064 8.1113 18.3052 5.93255 16.6689 4.2963ZM10.5352 17.6313C9.24019 17.6313 7.97144 17.2813 6.8602 16.6251L6.59769 16.4676L3.8677 17.1851L4.59395 14.5251L4.41895 14.2538C3.69947 13.1049 3.31744 11.7769 3.31645 10.4213C3.31645 6.4488 6.55394 3.2113 10.5264 3.2113C12.4514 3.2113 14.2627 3.9638 15.6189 5.3288C16.2905 5.99727 16.8227 6.79238 17.1847 7.66805C17.5466 8.54372 17.7312 9.48252 17.7277 10.4301C17.7452 14.4026 14.5077 17.6313 10.5352 17.6313ZM14.4902 12.2413C14.2714 12.1363 13.2039 11.6113 13.0114 11.5326C12.8102 11.4626 12.6702 11.4276 12.5214 11.6376C12.3727 11.8563 11.9614 12.3463 11.8389 12.4863C11.7164 12.6351 11.5852 12.6526 11.3664 12.5388C11.1477 12.4338 10.4477 12.1976 9.62519 11.4626C8.97769 10.8851 8.54894 10.1763 8.41769 9.95755C8.29519 9.7388 8.40019 9.62505 8.51394 9.5113C8.61019 9.41505 8.7327 9.25755 8.8377 9.13505C8.9427 9.01255 8.98644 8.9163 9.05645 8.7763C9.12644 8.62755 9.09144 8.50505 9.03894 8.40005C8.98644 8.29505 8.54894 7.22755 8.37394 6.79005C8.19894 6.37005 8.01519 6.42255 7.88394 6.4138H7.46394C7.31519 6.4138 7.08769 6.4663 6.88644 6.68505C6.69394 6.9038 6.13394 7.4288 6.13394 8.4963C6.13394 9.5638 6.9127 10.5963 7.0177 10.7363C7.12269 10.8851 8.54894 13.0726 10.7189 14.0088C11.2352 14.2363 11.6377 14.3676 11.9527 14.4638C12.4689 14.6301 12.9414 14.6038 13.3177 14.5513C13.7377 14.4901 14.6039 14.0263 14.7789 13.5188C14.9627 13.0113 14.9627 12.5826 14.9014 12.4863C14.8402 12.3901 14.7089 12.3463 14.4902 12.2413Z\" fill=\"#1A1A1A\"><\/path><\/g><\/svg>\t\t\t<\/span>\n\t\t\t\t\t\t\t\t\t<span class=\"elementor-button-text\">Cont\u00e1ctenos<\/span>\n\t\t\t\t\t<\/span>\n\t\t\t\t\t<\/a>\n\t\t\t\t<\/div>\n\t\t\t\t\t\t\t\t<\/div>\n\t\t\t\t<\/div>\n\t\t\t\t<\/div>\n\t\t\t\t<\/div>\n\t\t\t\t<\/div>","protected":false},"excerpt":{"rendered":"<p>Descubra nuestros productos Laminados sint\u00e9ticos y componentes para diversas industrias Descubra la diversidad de productos Intexco: sin\u00f3nimo de calidad e innovaci\u00f3n. Nuestro portafolio ofrece soluciones vers\u00e1tiles para cada proyecto, cumpliendo est\u00e1ndares de calidad, dise\u00f1o y durabilidad. Sea nuestro socio, p\u00f3ngase en contacto con nosotros. Cont\u00e1ctenos<\/p>","protected":false},"author":6,"featured_media":0,"parent":0,"menu_order":0,"comment_status":"closed","ping_status":"closed","template":"","meta":{"_acf_changed":false,"_joinchat":[],"footnotes":""},"class_list":["post-937","page","type-page","status-publish","hentry"],"acf":[],"_links":{"self":[{"href":"https:\/\/intexco.com.br\/es\/wp-json\/wp\/v2\/pages\/937","targetHints":{"allow":["GET"]}}],"collection":[{"href":"https:\/\/intexco.com.br\/es\/wp-json\/wp\/v2\/pages"}],"about":[{"href":"https:\/\/intexco.com.br\/es\/wp-json\/wp\/v2\/types\/page"}],"author":[{"embeddable":true,"href":"https:\/\/intexco.com.br\/es\/wp-json\/wp\/v2\/users\/6"}],"replies":[{"embeddable":true,"href":"https:\/\/intexco.com.br\/es\/wp-json\/wp\/v2\/comments?post=937"}],"version-history":[{"count":61,"href":"https:\/\/intexco.com.br\/es\/wp-json\/wp\/v2\/pages\/937\/revisions"}],"predecessor-version":[{"id":1743,"href":"https:\/\/intexco.com.br\/es\/wp-json\/wp\/v2\/pages\/937\/revisions\/1743"}],"wp:attachment":[{"href":"https:\/\/intexco.com.br\/es\/wp-json\/wp\/v2\/media?parent=937"}],"curies":[{"name":"wp","href":"https:\/\/api.w.org\/{rel}","templated":true}]}}