{"id":841,"date":"2024-06-28T17:17:47","date_gmt":"2024-06-28T20:17:47","guid":{"rendered":"https:\/\/intexco.com.br\/?page_id=841"},"modified":"2025-08-05T09:34:53","modified_gmt":"2025-08-05T12:34:53","slug":"marcas","status":"publish","type":"page","link":"https:\/\/intexco.com.br\/es\/marcas\/","title":{"rendered":"Marcas"},"content":{"rendered":"<div data-elementor-type=\"wp-page\" data-elementor-id=\"841\" class=\"elementor elementor-841\" data-elementor-post-type=\"page\">\n\t\t\t\t<div class=\"elementor-element elementor-element-528f587 e-flex e-con-boxed e-con e-parent\" data-id=\"528f587\" data-element_type=\"container\">\n\t\t\t\t\t<div class=\"e-con-inner\">\n\t\t<div class=\"elementor-element elementor-element-3ac239d e-con-full e-flex e-con e-child\" data-id=\"3ac239d\" data-element_type=\"container\">\n\t\t\t\t<div class=\"elementor-element elementor-element-8e708dc elementor-widget elementor-widget-heading\" data-id=\"8e708dc\" data-element_type=\"widget\" data-widget_type=\"heading.default\">\n\t\t\t\t<div class=\"elementor-widget-container\">\n\t\t\t\t\t<h2 class=\"elementor-heading-title elementor-size-default\">con que marcas <span>trabajamos? <\/span><\/h2>\t\t\t\t<\/div>\n\t\t\t\t<\/div>\n\t\t\t\t<\/div>\n\t\t\t\t\t<\/div>\n\t\t\t\t<\/div>\n\t\t<div class=\"elementor-element elementor-element-a41ef85 e-flex e-con-boxed e-con e-parent\" data-id=\"a41ef85\" data-element_type=\"container\">\n\t\t\t\t\t<div class=\"e-con-inner\">\n\t\t\t\t<div class=\"elementor-element elementor-element-5b8570c elementor-pagination-type-bullets elementor-pagination-position-outside elementor-widget elementor-widget-n-carousel\" data-id=\"5b8570c\" data-element_type=\"widget\" data-settings=\"{&quot;carousel_items&quot;:[{&quot;slide_title&quot;:&quot;Slide n\\u00ba 1&quot;,&quot;_id&quot;:&quot;b49f705&quot;},{&quot;slide_title&quot;:&quot;Slide n\\u00ba 1&quot;,&quot;_id&quot;:&quot;a0d1b2c&quot;},{&quot;slide_title&quot;:&quot;Slide n\\u00ba 1&quot;,&quot;_id&quot;:&quot;2b0a67d&quot;},{&quot;slide_title&quot;:&quot;Slide n\\u00ba 1&quot;,&quot;_id&quot;:&quot;04695e7&quot;}],&quot;slides_to_show&quot;:&quot;4&quot;,&quot;image_spacing_custom&quot;:{&quot;unit&quot;:&quot;px&quot;,&quot;size&quot;:24,&quot;sizes&quot;:[]},&quot;autoplay_speed&quot;:2500,&quot;slides_to_scroll&quot;:&quot;1&quot;,&quot;slides_to_show_tablet&quot;:&quot;2&quot;,&quot;slides_to_show_mobile&quot;:&quot;1&quot;,&quot;autoplay&quot;:&quot;yes&quot;,&quot;infinite&quot;:&quot;yes&quot;,&quot;speed&quot;:500,&quot;offset_sides&quot;:&quot;none&quot;,&quot;pagination&quot;:&quot;bullets&quot;,&quot;image_spacing_custom_tablet&quot;:{&quot;unit&quot;:&quot;px&quot;,&quot;size&quot;:&quot;&quot;,&quot;sizes&quot;:[]},&quot;image_spacing_custom_mobile&quot;:{&quot;unit&quot;:&quot;px&quot;,&quot;size&quot;:&quot;&quot;,&quot;sizes&quot;:[]}}\" data-widget_type=\"nested-carousel.default\">\n\t\t\t\t<div class=\"elementor-widget-container\">\n\t\t\t\t\t\t\t<div class=\"e-n-carousel swiper\" role=\"region\" aria-roledescription=\"carousel\" aria-label=\"Carrossel\" dir=\"ltr\">\n\t\t\t<div class=\"swiper-wrapper\" aria-live=\"off\">\n\t\t\t\t\t\t\t\t\t\t<div class=\"swiper-slide\" data-slide=\"1\" role=\"group\" aria-roledescription=\"slide\" aria-label=\"1 de 4\">\n\t\t\t\t\t\t\t<div class=\"elementor-element elementor-element-e6ded24 e-flex e-con-boxed e-con e-child\" data-id=\"e6ded24\" data-element_type=\"container\" data-settings=\"{&quot;background_background&quot;:&quot;classic&quot;}\">\n\t\t\t\t\t<div class=\"e-con-inner\">\n\t\t\t\t<div class=\"elementor-element elementor-element-2c8318f elementor-widget elementor-widget-image\" data-id=\"2c8318f\" data-element_type=\"widget\" data-widget_type=\"image.default\">\n\t\t\t\t<div class=\"elementor-widget-container\">\n\t\t\t\t\t\t\t\t\t\t\t\t\t\t\t<img fetchpriority=\"high\" decoding=\"async\" width=\"820\" height=\"408\" src=\"https:\/\/intexco.com.br\/wp-content\/uploads\/2024\/06\/Group-558-2.png\" class=\"attachment-full size-full wp-image-895\" alt=\"\" srcset=\"https:\/\/intexco.com.br\/wp-content\/uploads\/2024\/06\/Group-558-2.png 820w, https:\/\/intexco.com.br\/wp-content\/uploads\/2024\/06\/Group-558-2-300x149.png 300w, https:\/\/intexco.com.br\/wp-content\/uploads\/2024\/06\/Group-558-2-768x382.png 768w\" sizes=\"(max-width: 820px) 100vw, 820px\" \/>\t\t\t\t\t\t\t\t\t\t\t\t\t\t\t<\/div>\n\t\t\t\t<\/div>\n\t\t\t\t<div class=\"elementor-element elementor-element-bf4db06 elementor-widget elementor-widget-text-editor\" data-id=\"bf4db06\" data-element_type=\"widget\" data-widget_type=\"text-editor.default\">\n\t\t\t\t<div class=\"elementor-widget-container\">\n\t\t\t\t\t\t\t\t\t<p>Ubicada en Pedro Sim\u00f5es Filho, Bah\u00eda, Brisa fue fundada en 1999 y, desde entonces, busca lo mejor en innovaci\u00f3n, tecnolog\u00eda y sustentabilidad en el desarrollo de laminados de poliuretano para los segmentos de calzado, indumentaria, muebles y autom\u00f3viles.<\/p>\t\t\t\t\t\t\t\t<\/div>\n\t\t\t\t<\/div>\n\t\t\t\t\t<\/div>\n\t\t\t\t<\/div>\n\t\t\t\t\t\t\t\t<\/div>\n\t\t\t\t\t\t\t\t\t\t\t<div class=\"swiper-slide\" data-slide=\"2\" role=\"group\" aria-roledescription=\"slide\" aria-label=\"2 de 4\">\n\t\t\t\t\t\t\t<div class=\"elementor-element elementor-element-182ca31 e-flex e-con-boxed e-con e-child\" data-id=\"182ca31\" data-element_type=\"container\" data-settings=\"{&quot;background_background&quot;:&quot;classic&quot;}\">\n\t\t\t\t\t<div class=\"e-con-inner\">\n\t\t\t\t<div class=\"elementor-element elementor-element-6608208 elementor-widget elementor-widget-image\" data-id=\"6608208\" data-element_type=\"widget\" data-widget_type=\"image.default\">\n\t\t\t\t<div class=\"elementor-widget-container\">\n\t\t\t\t\t\t\t\t\t\t\t\t\t\t\t<img decoding=\"async\" width=\"672\" height=\"469\" src=\"https:\/\/intexco.com.br\/wp-content\/uploads\/2024\/06\/Group-557-2.png\" class=\"attachment-full size-full wp-image-891\" alt=\"\" srcset=\"https:\/\/intexco.com.br\/wp-content\/uploads\/2024\/06\/Group-557-2.png 672w, https:\/\/intexco.com.br\/wp-content\/uploads\/2024\/06\/Group-557-2-300x209.png 300w\" sizes=\"(max-width: 672px) 100vw, 672px\" \/>\t\t\t\t\t\t\t\t\t\t\t\t\t\t\t<\/div>\n\t\t\t\t<\/div>\n\t\t\t\t<div class=\"elementor-element elementor-element-8a45112 elementor-widget elementor-widget-text-editor\" data-id=\"8a45112\" data-element_type=\"widget\" data-widget_type=\"text-editor.default\">\n\t\t\t\t<div class=\"elementor-widget-container\">\n\t\t\t\t\t\t\t\t\t<p>Ubicada en Campo Bom, Rio Grande do Sul, es responsable por el desarrollo de componentes, el\u00e1sticos, correas, cuerdas y tejidos para elevar el dise\u00f1o de calzado, accesorios y prendas de vestir.<\/p>\t\t\t\t\t\t\t\t<\/div>\n\t\t\t\t<\/div>\n\t\t\t\t\t<\/div>\n\t\t\t\t<\/div>\n\t\t\t\t\t\t\t\t<\/div>\n\t\t\t\t\t\t\t\t\t\t\t<div class=\"swiper-slide\" data-slide=\"3\" role=\"group\" aria-roledescription=\"slide\" aria-label=\"3 de 4\">\n\t\t\t\t\t\t\t<div class=\"elementor-element elementor-element-7a04538 e-flex e-con-boxed e-con e-child\" data-id=\"7a04538\" data-element_type=\"container\" data-settings=\"{&quot;background_background&quot;:&quot;classic&quot;}\">\n\t\t\t\t\t<div class=\"e-con-inner\">\n\t\t\t\t<div class=\"elementor-element elementor-element-3db6d7a elementor-widget elementor-widget-image\" data-id=\"3db6d7a\" data-element_type=\"widget\" data-widget_type=\"image.default\">\n\t\t\t\t<div class=\"elementor-widget-container\">\n\t\t\t\t\t\t\t\t\t\t\t\t\t\t\t<img decoding=\"async\" width=\"897\" height=\"134\" src=\"https:\/\/intexco.com.br\/wp-content\/uploads\/2024\/06\/Group-555-2.png\" class=\"attachment-full size-full wp-image-882\" alt=\"\" srcset=\"https:\/\/intexco.com.br\/wp-content\/uploads\/2024\/06\/Group-555-2.png 897w, https:\/\/intexco.com.br\/wp-content\/uploads\/2024\/06\/Group-555-2-300x45.png 300w, https:\/\/intexco.com.br\/wp-content\/uploads\/2024\/06\/Group-555-2-768x115.png 768w\" sizes=\"(max-width: 897px) 100vw, 897px\" \/>\t\t\t\t\t\t\t\t\t\t\t\t\t\t\t<\/div>\n\t\t\t\t<\/div>\n\t\t\t\t<div class=\"elementor-element elementor-element-bfbb420 elementor-widget elementor-widget-text-editor\" data-id=\"bfbb420\" data-element_type=\"widget\" data-widget_type=\"text-editor.default\">\n\t\t\t\t<div class=\"elementor-widget-container\">\n\t\t\t\t\t\t\t\t\t<p>Desde 1958, la empresa se ha centrado en el desarrollo del cuero, un material sostenible alternativo al cuero que permite el desarrollo de accesorios y calzado con responsabilidad ambiental y durabilidad.<\/p>\t\t\t\t\t\t\t\t<\/div>\n\t\t\t\t<\/div>\n\t\t\t\t\t<\/div>\n\t\t\t\t<\/div>\n\t\t\t\t\t\t\t\t<\/div>\n\t\t\t\t\t\t\t\t\t\t\t<div class=\"swiper-slide\" data-slide=\"4\" role=\"group\" aria-roledescription=\"slide\" aria-label=\"4 de 4\">\n\t\t\t\t\t\t\t<div class=\"elementor-element elementor-element-3b08576 e-flex e-con-boxed e-con e-child\" data-id=\"3b08576\" data-element_type=\"container\" data-settings=\"{&quot;background_background&quot;:&quot;classic&quot;}\">\n\t\t\t\t\t<div class=\"e-con-inner\">\n\t\t\t\t<div class=\"elementor-element elementor-element-ed0e889 elementor-widget elementor-widget-image\" data-id=\"ed0e889\" data-element_type=\"widget\" data-widget_type=\"image.default\">\n\t\t\t\t<div class=\"elementor-widget-container\">\n\t\t\t\t\t\t\t\t\t\t\t\t\t\t\t<img loading=\"lazy\" decoding=\"async\" width=\"672\" height=\"368\" src=\"https:\/\/intexco.com.br\/wp-content\/uploads\/2024\/06\/Group-554-2.png\" class=\"attachment-full size-full wp-image-878\" alt=\"\" srcset=\"https:\/\/intexco.com.br\/wp-content\/uploads\/2024\/06\/Group-554-2.png 672w, https:\/\/intexco.com.br\/wp-content\/uploads\/2024\/06\/Group-554-2-300x164.png 300w\" sizes=\"(max-width: 672px) 100vw, 672px\" \/>\t\t\t\t\t\t\t\t\t\t\t\t\t\t\t<\/div>\n\t\t\t\t<\/div>\n\t\t\t\t<div class=\"elementor-element elementor-element-f69eb71 elementor-widget elementor-widget-text-editor\" data-id=\"f69eb71\" data-element_type=\"widget\" data-widget_type=\"text-editor.default\">\n\t\t\t\t<div class=\"elementor-widget-container\">\n\t\t\t\t\t\t\t\t\t<p>Con sede en Carrara, Italia, produce refuerzos para plantillas. Dirigida al sector del calzado, desarrolla y suministra calidad importada, complementando las soluciones de Texon para la estructura del calzado.<\/p>\t\t\t\t\t\t\t\t<\/div>\n\t\t\t\t<\/div>\n\t\t\t\t\t<\/div>\n\t\t\t\t<\/div>\n\t\t\t\t\t\t\t\t<\/div>\n\t\t\t\t\t\t\t\t<\/div>\n\t\t<\/div>\n\t\t\t\t\t<div class=\"swiper-pagination\"><\/div>\n\t\t\t\t\t\t<\/div>\n\t\t\t\t<\/div>\n\t\t\t\t\t<\/div>\n\t\t\t\t<\/div>\n\t\t\t\t<\/div>","protected":false},"excerpt":{"rendered":"<p>\u00bfCon qu\u00e9 marcas trabajamos? Ubicada en Pedro Sim\u00f5es Filho, Bah\u00eda, Brisa fue fundada en 1999 y, desde entonces, busca lo mejor en innovaci\u00f3n, tecnolog\u00eda y sostenibilidad en el desarrollo de laminados de poliuretano para los segmentos de calzado, vestuario, muebles y automotriz. Ubicada en Campo Bom, Rio Grande do Sul, es responsable del desarrollo de [\u2026]<\/p>","protected":false},"author":6,"featured_media":0,"parent":0,"menu_order":0,"comment_status":"closed","ping_status":"closed","template":"","meta":{"_acf_changed":false,"_joinchat":[],"footnotes":""},"class_list":["post-841","page","type-page","status-publish","hentry"],"acf":[],"_links":{"self":[{"href":"https:\/\/intexco.com.br\/es\/wp-json\/wp\/v2\/pages\/841","targetHints":{"allow":["GET"]}}],"collection":[{"href":"https:\/\/intexco.com.br\/es\/wp-json\/wp\/v2\/pages"}],"about":[{"href":"https:\/\/intexco.com.br\/es\/wp-json\/wp\/v2\/types\/page"}],"author":[{"embeddable":true,"href":"https:\/\/intexco.com.br\/es\/wp-json\/wp\/v2\/users\/6"}],"replies":[{"embeddable":true,"href":"https:\/\/intexco.com.br\/es\/wp-json\/wp\/v2\/comments?post=841"}],"version-history":[{"count":175,"href":"https:\/\/intexco.com.br\/es\/wp-json\/wp\/v2\/pages\/841\/revisions"}],"predecessor-version":[{"id":1801,"href":"https:\/\/intexco.com.br\/es\/wp-json\/wp\/v2\/pages\/841\/revisions\/1801"}],"wp:attachment":[{"href":"https:\/\/intexco.com.br\/es\/wp-json\/wp\/v2\/media?parent=841"}],"curies":[{"name":"wp","href":"https:\/\/api.w.org\/{rel}","templated":true}]}}